{"id":544,"date":"2013-07-05T15:16:42","date_gmt":"2013-07-05T19:16:42","guid":{"rendered":"https:\/\/blogs.swarthmore.edu\/pschmid1\/?page_id=544"},"modified":"2025-03-03T09:54:19","modified_gmt":"2025-03-03T14:54:19","slug":"key-terms-in-gary-shteyngarts-_super-sad-true-love-story_","status":"publish","type":"page","link":"https:\/\/blogs.swarthmore.edu\/pschmid1\/?page_id=544","title":{"rendered":"Key Terms in Gary Shteyngart&#8217;s Super Sad True Love Story (2010)"},"content":{"rendered":"<p>Annotations by undergraduate students in Professor Peter Schmidt\u2019s \u201cU.S. Fiction 1945 to the Present\u201d English 52B class, Swarthmore College, Spring 2013<br \/>\nSwarthmore, Pennsylvania  USA<\/p>\n<p>The following key terms in the novel are annotated below (see the link).  If you find these annotations useful and want to use any, PLEASE give credit to this page and to the specific students involved in the annotations (s) that you use.<\/p>\n<p>\u2022\tAlliedWasteCVSCitigroupCredit, pp. 2-3 in the pdf linked to this page<br \/>\n\u2022\tAmerican Restoration Authority (ARA), pp. 4-6<br \/>\n\u2022\t\u00c4pp\u00e4r\u00e4t, \u00c4pp\u00e4r\u00e4ti, p. 7<br \/>\n\u2022\tFAC (Form a Community), pp. 8-9<br \/>\n\u2022\tFox Liberty Ultra\/Fox Liberty Prime, pp. 10-11<br \/>\n\u2022\tHarm Reduction, p. 12<br \/>\n\u2022\tHNWI (High Net Worth Individual), pp. 13-14<br \/>\n\u2022\tJuicyPussy, p. 15<br \/>\n\u2022\tPhD (Pretty Huge Dick), p. 16<br \/>\n\u2022\tRateMe and RateMe Plus, p. 17<br \/>\n\u2022\tROFLAARP, p. 18<br \/>\n\u2022\tUnitedContinentalDeltamerican, p. 19<br \/>\n\u2022\tVideo Spray, p. 20<\/p>\n<p><a href=\"https:\/\/blogs.swarthmore.edu\/pschmid1\/?attachment_id=547\" rel=\"attachment wp-att-547\">Super Sad True annotations<\/a><\/p>\n","protected":false},"excerpt":{"rendered":"<p>Annotations by undergraduate students in Professor Peter Schmidt\u2019s \u201cU.S. Fiction 1945 to the Present\u201d English 52B class, Swarthmore College, Spring 2013 Swarthmore, Pennsylvania USA The following key terms in the novel are annotated below (see the link). If you find &hellip; <a href=\"https:\/\/blogs.swarthmore.edu\/pschmid1\/?page_id=544\">Continue reading <span class=\"meta-nav\">&rarr;<\/span><\/a><\/p>\n","protected":false},"author":3,"featured_media":0,"parent":88,"menu_order":0,"comment_status":"closed","ping_status":"open","template":"","meta":{"footnotes":""},"aioseo_notices":[],"_links":{"self":[{"href":"https:\/\/blogs.swarthmore.edu\/pschmid1\/index.php?rest_route=\/wp\/v2\/pages\/544"}],"collection":[{"href":"https:\/\/blogs.swarthmore.edu\/pschmid1\/index.php?rest_route=\/wp\/v2\/pages"}],"about":[{"href":"https:\/\/blogs.swarthmore.edu\/pschmid1\/index.php?rest_route=\/wp\/v2\/types\/page"}],"author":[{"embeddable":true,"href":"https:\/\/blogs.swarthmore.edu\/pschmid1\/index.php?rest_route=\/wp\/v2\/users\/3"}],"replies":[{"embeddable":true,"href":"https:\/\/blogs.swarthmore.edu\/pschmid1\/index.php?rest_route=%2Fwp%2Fv2%2Fcomments&post=544"}],"version-history":[{"count":8,"href":"https:\/\/blogs.swarthmore.edu\/pschmid1\/index.php?rest_route=\/wp\/v2\/pages\/544\/revisions"}],"predecessor-version":[{"id":1313,"href":"https:\/\/blogs.swarthmore.edu\/pschmid1\/index.php?rest_route=\/wp\/v2\/pages\/544\/revisions\/1313"}],"up":[{"embeddable":true,"href":"https:\/\/blogs.swarthmore.edu\/pschmid1\/index.php?rest_route=\/wp\/v2\/pages\/88"}],"wp:attachment":[{"href":"https:\/\/blogs.swarthmore.edu\/pschmid1\/index.php?rest_route=%2Fwp%2Fv2%2Fmedia&parent=544"}],"curies":[{"name":"wp","href":"https:\/\/api.w.org\/{rel}","templated":true}]}}